{"id":518,"date":"2026-02-06T10:01:48","date_gmt":"2026-02-06T09:01:48","guid":{"rendered":"https:\/\/www.terredihimera.it\/shop\/?post_type=product&#038;p=518"},"modified":"2026-04-10T23:09:15","modified_gmt":"2026-04-10T21:09:15","slug":"olio-extravergine-blend-100ml","status":"publish","type":"product","link":"https:\/\/www.terredihimera.it\/shop\/index.php\/prodotto\/olio-extravergine-blend-100ml\/","title":{"rendered":"Olio Extravergine di Oliva Blend &#8211; 100 ml | Terre di Himera"},"content":{"rendered":"<p>Il nostro Multicultivar \u00e8 l&#8217;espressione pi\u00f9 autentica del territorio di Himera. Un blend sapiente che unisce le migliori variet\u00e0 autoctone siciliane coltivate nei nostri uliveti biologici, a pochi passi dal mare di Cefal\u00f9 e dalle rovine dell&#8217;antica colonia greca. Un olio equilibrato, capace di racchiudere in ogni goccia il sole, la storia e la biodiversit\u00e0 della nostra terra.<\/p>\n<p>L&#8217;Armonia del Blend a differenza del monovarietale, il nostro olio Multicultivar nasce dall&#8217;unione ragionata di diverse cultivar (tra cui Biancolilla e Nocellara del Belice). Questa combinazione permette di ottenere un profilo sensoriale pi\u00f9 strutturato e persistente, dove la delicatezza della Biancolilla si sposa con il carattere deciso e le note erbacee delle altre variet\u00e0 locali.<\/p>\n<p>Abbiamo pensato a questo formato piccolo e prezioso per chi non vuole rinunciare all&#8217;eccellenza nemmeno lontano da casa. Grazie alle dimensioni ridotte, \u00e8 perfetto da tenere in borsa o nel bagaglio a mano: <b data-path-to-node=\"5,0\" data-index-in-node=\"207\">il gusto di Himera sempre con te, anche in volo<\/b><\/p>\n<p>&nbsp;<\/p>\n","protected":false},"excerpt":{"rendered":"<p>Le nostre bottiglie multicultivar provengono dalla raccolta di\u00a0 cultivar autoctone in particolare della nostra <em>&#8220;tirminisi &#8221;\u00a0<\/em><\/p>\n<p>Alla degustazione\u00a0 esplode un fruttato medio ricco di note vegetali di carciofo, lattuga, mela bianca e mandorla dolce.<\/p>\n<p>Amaro e piccante presenti e persistenti.<\/p>\n<p>Colore giallo dorato intenso con riflessi verde.<\/p>\n<p>&nbsp;<\/p>\n","protected":false},"featured_media":634,"comment_status":"open","ping_status":"closed","template":"","meta":{"_acf_changed":false},"product_brand":[],"product_cat":[15],"product_tag":[26],"class_list":{"0":"post-518","1":"product","2":"type-product","3":"status-publish","4":"has-post-thumbnail","6":"product_cat-olio-extravergine","7":"product_tag-olio-extravergine-di-oliva-biancolilla","9":"first","10":"instock","11":"taxable","12":"shipping-taxable","13":"purchasable","14":"product-type-simple"},"acf":[],"_links":{"self":[{"href":"https:\/\/www.terredihimera.it\/shop\/index.php\/wp-json\/wp\/v2\/product\/518","targetHints":{"allow":["GET"]}}],"collection":[{"href":"https:\/\/www.terredihimera.it\/shop\/index.php\/wp-json\/wp\/v2\/product"}],"about":[{"href":"https:\/\/www.terredihimera.it\/shop\/index.php\/wp-json\/wp\/v2\/types\/product"}],"replies":[{"embeddable":true,"href":"https:\/\/www.terredihimera.it\/shop\/index.php\/wp-json\/wp\/v2\/comments?post=518"}],"wp:featuredmedia":[{"embeddable":true,"href":"https:\/\/www.terredihimera.it\/shop\/index.php\/wp-json\/wp\/v2\/media\/634"}],"wp:attachment":[{"href":"https:\/\/www.terredihimera.it\/shop\/index.php\/wp-json\/wp\/v2\/media?parent=518"}],"wp:term":[{"taxonomy":"product_brand","embeddable":true,"href":"https:\/\/www.terredihimera.it\/shop\/index.php\/wp-json\/wp\/v2\/product_brand?post=518"},{"taxonomy":"product_cat","embeddable":true,"href":"https:\/\/www.terredihimera.it\/shop\/index.php\/wp-json\/wp\/v2\/product_cat?post=518"},{"taxonomy":"product_tag","embeddable":true,"href":"https:\/\/www.terredihimera.it\/shop\/index.php\/wp-json\/wp\/v2\/product_tag?post=518"}],"curies":[{"name":"wp","href":"https:\/\/api.w.org\/{rel}","templated":true}]}}