{"id":572,"date":"2026-03-15T21:35:51","date_gmt":"2026-03-15T20:35:51","guid":{"rendered":"https:\/\/www.terredihimera.it\/shop\/?post_type=product&#038;p=572"},"modified":"2026-03-15T21:43:14","modified_gmt":"2026-03-15T20:43:14","slug":"kit-cortesia-terre-di-himera-gel-doccia-100-ml","status":"publish","type":"product","link":"https:\/\/www.terredihimera.it\/shop\/index.php\/prodotto\/kit-cortesia-terre-di-himera-gel-doccia-100-ml\/","title":{"rendered":"Kit Cortesia-Terre di Himera-gel doccia-100 ml"},"content":{"rendered":"<h3>Il docciagel all&#8217;olio d&#8217;oliva\u00a0 \u00e8 un prodotto naturale, delicato e biocompatibile, realizzato esclusivamente con olio d\u2019oliva, senza l&#8217;uso di altre miscele di oli n\u00e9 di tensioattivi di sintesi (Sodium Laureth Sulfate\/SLS o lo SLES), n\u00e9 conservanti di nessun tipo o coloranti.<\/h3>\n<h3>Formulato con ingredienti di alta qualit\u00e0, \u00e8 pensato per rispettare la pelle, offrendo un\u2019idratazione profonda e delicata.<\/h3>\n<h3><b>Perch\u00e9 proprio l&#8217;olio d&#8217;oliva?<\/b><\/h3>\n<h3>L&#8217;olio d&#8217;oliva \u00e8 l&#8217;unico la cui composizione \u00e8 pi\u00f9 adatta al sebo della cute umana, ed \u00e8 inoltre composto da sostanze nutrienti ed antiossidanti, gli &#8216;insaponificabili&#8217; dell\u2019olio d\u2019oliva, preziose sostanze come lo squalene o i fitosteroli (la cui presenza \u00e8 maggiore nell&#8217;olio d&#8217;oliva rispetto ad altri oli vegetali) che svolgono una funzione emolliente e protettiva per la pelle, aiutandola a mantenere la giusta idratazione ed elasticit\u00e0, prevenendone l&#8217;invecchiamento.<\/h3>\n","protected":false},"excerpt":{"rendered":"<h3>l docciagel all&#8217;olio d&#8217;oliva\u00a0 \u00e8 un prodotto naturale, delicato e biocompatibile, realizzato esclusivamente con olio d\u2019oliva.<\/h3>\n<h3>Questo shampoo deterge delicatamente il cuoio capelluto rispettando l\u2019equilibrio naturale dei capelli.<\/h3>\n","protected":false},"featured_media":360,"comment_status":"open","ping_status":"closed","template":"","meta":{"_acf_changed":false},"product_brand":[],"product_cat":[16],"product_tag":[],"class_list":{"0":"post-572","1":"product","2":"type-product","3":"status-publish","4":"has-post-thumbnail","6":"product_cat-linea-cortesia","8":"first","9":"instock","10":"taxable","11":"shipping-taxable","12":"purchasable","13":"product-type-simple"},"acf":[],"_links":{"self":[{"href":"https:\/\/www.terredihimera.it\/shop\/index.php\/wp-json\/wp\/v2\/product\/572","targetHints":{"allow":["GET"]}}],"collection":[{"href":"https:\/\/www.terredihimera.it\/shop\/index.php\/wp-json\/wp\/v2\/product"}],"about":[{"href":"https:\/\/www.terredihimera.it\/shop\/index.php\/wp-json\/wp\/v2\/types\/product"}],"replies":[{"embeddable":true,"href":"https:\/\/www.terredihimera.it\/shop\/index.php\/wp-json\/wp\/v2\/comments?post=572"}],"wp:featuredmedia":[{"embeddable":true,"href":"https:\/\/www.terredihimera.it\/shop\/index.php\/wp-json\/wp\/v2\/media\/360"}],"wp:attachment":[{"href":"https:\/\/www.terredihimera.it\/shop\/index.php\/wp-json\/wp\/v2\/media?parent=572"}],"wp:term":[{"taxonomy":"product_brand","embeddable":true,"href":"https:\/\/www.terredihimera.it\/shop\/index.php\/wp-json\/wp\/v2\/product_brand?post=572"},{"taxonomy":"product_cat","embeddable":true,"href":"https:\/\/www.terredihimera.it\/shop\/index.php\/wp-json\/wp\/v2\/product_cat?post=572"},{"taxonomy":"product_tag","embeddable":true,"href":"https:\/\/www.terredihimera.it\/shop\/index.php\/wp-json\/wp\/v2\/product_tag?post=572"}],"curies":[{"name":"wp","href":"https:\/\/api.w.org\/{rel}","templated":true}]}}